{"id":459,"date":"2016-06-01T13:36:12","date_gmt":"2016-06-01T10:36:12","guid":{"rendered":"http:\/\/codesectech.com\/?post_type=product&#038;p=459"},"modified":"2016-06-01T13:36:12","modified_gmt":"2016-06-01T10:36:12","slug":"code-observer-receiver","status":"publish","type":"product","link":"https:\/\/www.codesec.com.tr\/ch\/product\/code-observer-receiver\/","title":{"rendered":"Code Observer Receiver"},"content":{"rendered":"<p>CODESEC OBSERVER, Soygun Alarm ve Yang\u0131n \u0130hbar sistemlerinin izlenmesi i\u00e7in bir\u00e7ok format\u0131 kabul eden \u00fcniversal, \u00e7ok hatl\u0131 merkez haberalma al\u0131c\u0131s\u0131d\u0131r. Cihaz, \u00fcniversal ve genelde kullan\u0131lan kom\u00fcnikasyon formatlar\u0131n\u0131 al\u0131r ve i\u015fler. Merkezi \u0130\u015flem Birimi 32 adede kadar Telefon Hat Mod\u00fcl\u00fcn\u00fc destekleyebilir. Al\u0131nan t\u00fcm bilgiler M\u0130B b\u00fcy\u00fck grafik ekran\u0131nda g\u00f6r\u00fcl\u00fcr ve olaylar bilgisayara iletilir.<br \/>\nAyn\u0131 zamanda ba\u011flanan bir yaz\u0131c\u0131dan s\u00fcrekli \u00e7\u0131kt\u0131 al\u0131nabilir. T\u00fcm Telefon Hat Mod\u00fclleri ayr\u0131 lcd ekrana sahiptir, b\u00f6ylece t\u00fcm al\u0131nan, i\u015flenen veriler ve cihaz durumlar\u0131 ayn\u0131 anda g\u00f6zlenebilir. CODESEC OBSERVER Merkezi \u0130\u015flem Birimi 8000 olay\u0131 tarih ve saati ile birlikte silinmez haf\u0131zas\u0131nda tutar. Her Telefon Hat Mod\u00fcl\u00fc 256 olay haf\u0131zas\u0131na sahiptir. G\u00fcvenlik amac\u0131yla, Ger\u00e7ek-Zaman saat ayar\u0131, takvim ve di\u011fer sistem programlamas\u0131na \u015fifre ile eri\u015filebilir. Cihazda ayn\u0131 kartta Merkezi \u0130\u015flem Birimi, G\u00fc\u00e7 Kayna\u011f\u0131, Batarya \u015earj\u00f6r\u00fc ve 4 adet Telefon Hat Mod\u00fcl\u00fc Soketi mevcuttur ve 19\u201d rack tipi 2U kal\u0131nl\u0131\u011f\u0131ndad\u0131r.<\/p>\n","protected":false},"excerpt":{"rendered":"<p>CODESEC OBSERVER, Soygun Alarm ve Yang\u0131n \u0130hbar sistemlerinin izlenmesi i\u00e7in bir\u00e7ok format\u0131 kabul eden \u00fcniversal, \u00e7ok hatl\u0131 merkez haberalma al\u0131c\u0131s\u0131d\u0131r. Cihaz, \u00fcniversal ve genelde kullan\u0131lan kom\u00fcnikasyon [&hellip;]<\/p>\n","protected":false},"featured_media":461,"comment_status":"open","ping_status":"closed","template":"","meta":[],"_links":{"self":[{"href":"https:\/\/www.codesec.com.tr\/ch\/wp-json\/wp\/v2\/product\/459"}],"collection":[{"href":"https:\/\/www.codesec.com.tr\/ch\/wp-json\/wp\/v2\/product"}],"about":[{"href":"https:\/\/www.codesec.com.tr\/ch\/wp-json\/wp\/v2\/types\/product"}],"replies":[{"embeddable":true,"href":"https:\/\/www.codesec.com.tr\/ch\/wp-json\/wp\/v2\/comments?post=459"}],"wp:featuredmedia":[{"embeddable":true,"href":"https:\/\/www.codesec.com.tr\/ch\/wp-json\/wp\/v2\/media\/461"}],"wp:attachment":[{"href":"https:\/\/www.codesec.com.tr\/ch\/wp-json\/wp\/v2\/media?parent=459"}],"curies":[{"name":"wp","href":"https:\/\/api.w.org\/{rel}","templated":true}]}}