{"id":456,"date":"2016-06-01T13:33:12","date_gmt":"2016-06-01T10:33:12","guid":{"rendered":"http:\/\/codesectech.com\/?post_type=product&#038;p=456"},"modified":"2016-06-01T13:33:12","modified_gmt":"2016-06-01T10:33:12","slug":"vr20-ses-kaydedici","status":"publish","type":"product","link":"https:\/\/www.codesec.com.tr\/ch\/product\/vr20-ses-kaydedici\/","title":{"rendered":"VR20 Ses Kaydedici"},"content":{"rendered":"<p>VR-20 Ses Mesaj \u00dcnitesi, dijital olarak 20 sn ses mesaj\u0131n\u0131 kodlayarak silinmez haf\u0131zas\u0131na kaydeden mod\u00fcler bir \u00fcnitedir. 8 kHz lik \u00f6rnekleme frekans\u0131 ile ses kalitesi y\u00fcksektir. VR-20 \u00fczerinde ses mesaj kayd\u0131 i\u00e7in Record Butonu, Mikrofon ve Durum G\u00f6sterge Ledi mevcuttur. Sadece Codesec11 ve Codesec22 panallerinde kullan\u0131l\u0131r.<br \/>\n<strong>Teknik \u00d6zellikler<\/strong><\/p>\n<ul class=\"NormalText\">\n<li>Y\u00fcksek ses kalitesi<\/li>\n<li>CodeSec 11 Alarm Kontrol Paneli, CodeSec 22 Alarm Kontrol Paneli ve<br \/>\nCode Freecell GSM Modul\u00fc ile uyumlu<\/li>\n<li>20 saniye Silinmez Ses Kayd\u0131<\/li>\n<\/ul>\n","protected":false},"excerpt":{"rendered":"<p>VR-20 Ses Mesaj \u00dcnitesi, dijital olarak 20 sn ses mesaj\u0131n\u0131 kodlayarak silinmez haf\u0131zas\u0131na kaydeden mod\u00fcler bir \u00fcnitedir. 8 kHz lik \u00f6rnekleme frekans\u0131 ile ses kalitesi y\u00fcksektir. [&hellip;]<\/p>\n","protected":false},"featured_media":457,"comment_status":"open","ping_status":"closed","template":"","meta":[],"_links":{"self":[{"href":"https:\/\/www.codesec.com.tr\/ch\/wp-json\/wp\/v2\/product\/456"}],"collection":[{"href":"https:\/\/www.codesec.com.tr\/ch\/wp-json\/wp\/v2\/product"}],"about":[{"href":"https:\/\/www.codesec.com.tr\/ch\/wp-json\/wp\/v2\/types\/product"}],"replies":[{"embeddable":true,"href":"https:\/\/www.codesec.com.tr\/ch\/wp-json\/wp\/v2\/comments?post=456"}],"wp:featuredmedia":[{"embeddable":true,"href":"https:\/\/www.codesec.com.tr\/ch\/wp-json\/wp\/v2\/media\/457"}],"wp:attachment":[{"href":"https:\/\/www.codesec.com.tr\/ch\/wp-json\/wp\/v2\/media?parent=456"}],"curies":[{"name":"wp","href":"https:\/\/api.w.org\/{rel}","templated":true}]}}