{"id":455,"date":"2016-06-01T13:34:32","date_gmt":"2016-06-01T10:34:32","guid":{"rendered":"http:\/\/codesectech.com\/?post_type=product&#038;p=455"},"modified":"2016-06-01T13:34:32","modified_gmt":"2016-06-01T10:34:32","slug":"vd202-pstn-telefon-arama-unitesi","status":"publish","type":"product","link":"https:\/\/www.codesec.com.tr\/ch\/product\/vd202-pstn-telefon-arama-unitesi\/","title":{"rendered":"VD202 PSTN Telefon Arama \u00dcnitesi"},"content":{"rendered":"<p>Sekiz ayr\u0131 telefon numaras\u0131 kaydedilebilen cihaz, montaj\u0131 ve kullan\u0131m kolayl\u0131\u011f\u0131 ile kullan\u0131c\u0131ya avantaj sa\u011flamaktad\u0131r. Pulse modunda \u00e7al\u0131\u015fan cihaz t\u00fcm telefon \u015febekelerinde sorunsuz \u00e7al\u0131\u015fmaktad\u0131r.<br \/>\n<strong>Teknik \u00d6zellikler<\/strong><\/p>\n<ul class=\"NormalText\">\n<li>Y\u00fcksek Ses Kalitesi<\/li>\n<li>SMT Dizayn\u0131<\/li>\n<li>Kullan\u0131c\u0131 dostu programlama \u00f6zelli\u011fi<\/li>\n<li>8 Farkl\u0131 Telefon Arama \u00d6zelli\u011fi<\/li>\n<li>20 Saniye Ses Kayd\u0131<\/li>\n<li>Avrupa Pulse Arama Standard\u0131<\/li>\n<li>Telefon Hat Korumas\u0131<\/li>\n<li>Kart \u00dcst\u00fc Tu\u015f Tak\u0131m\u0131<\/li>\n<li>\u0130ki Ayr\u0131 \u00c7al\u0131\u015fma Modu (S\u00fcrekli \/ Tetik)<\/li>\n<\/ul>\n","protected":false},"excerpt":{"rendered":"<p>Sekiz ayr\u0131 telefon numaras\u0131 kaydedilebilen cihaz, montaj\u0131 ve kullan\u0131m kolayl\u0131\u011f\u0131 ile kullan\u0131c\u0131ya avantaj sa\u011flamaktad\u0131r. Pulse modunda \u00e7al\u0131\u015fan cihaz t\u00fcm telefon \u015febekelerinde sorunsuz \u00e7al\u0131\u015fmaktad\u0131r. Teknik \u00d6zellikler Y\u00fcksek [&hellip;]<\/p>\n","protected":false},"featured_media":1026,"comment_status":"closed","ping_status":"closed","template":"","meta":[],"_links":{"self":[{"href":"https:\/\/www.codesec.com.tr\/ch\/wp-json\/wp\/v2\/product\/455"}],"collection":[{"href":"https:\/\/www.codesec.com.tr\/ch\/wp-json\/wp\/v2\/product"}],"about":[{"href":"https:\/\/www.codesec.com.tr\/ch\/wp-json\/wp\/v2\/types\/product"}],"replies":[{"embeddable":true,"href":"https:\/\/www.codesec.com.tr\/ch\/wp-json\/wp\/v2\/comments?post=455"}],"wp:featuredmedia":[{"embeddable":true,"href":"https:\/\/www.codesec.com.tr\/ch\/wp-json\/wp\/v2\/media\/1026"}],"wp:attachment":[{"href":"https:\/\/www.codesec.com.tr\/ch\/wp-json\/wp\/v2\/media?parent=455"}],"curies":[{"name":"wp","href":"https:\/\/api.w.org\/{rel}","templated":true}]}}