{"id":453,"date":"2016-06-01T13:23:16","date_gmt":"2016-06-01T10:23:16","guid":{"rendered":"http:\/\/codesectech.com\/?post_type=product&#038;p=453"},"modified":"2016-06-01T13:23:16","modified_gmt":"2016-06-01T10:23:16","slug":"rc2-uzaktan-kumanda","status":"publish","type":"product","link":"https:\/\/www.codesec.com.tr\/ch\/product\/rc2-uzaktan-kumanda\/","title":{"rendered":"RC2 Uzaktan Kumanda"},"content":{"rendered":"<p>Codesec11 ve Codesec22 panallerinde uzaktan kumanda ilave edilmesi i\u00e7in kullan\u0131lan uzaktan kumanda al\u0131c\u0131 \u00fcnitesidir. Ba\u011flant\u0131s\u0131 kolay oldu\u011fu i\u00e7in yayg\u0131n bir \u015fekilde kullan\u0131lmaktad\u0131r. Mesafesi a\u00e7\u0131k alanda 50 m dir. Uzaktan kumandalar\u0131n pil \u00f6mr\u00fc, normal kullan\u0131mda 2 y\u0131ld\u0131r.<br \/>\n<strong>Teknik \u00d6zellikler<\/strong><\/p>\n<ul class=\"NormalText\">\n<li>Codesec 11 Alarm Paneli ile uyumlu<\/li>\n<li>Codesec 22 Alarm Paneli ile uyumlu<\/li>\n<li>Sistemi A\u00e7\u0131k\/Kapal\u0131 Konuma Getiren \u0130ki Farkl\u0131 Kumanda D\u00fc\u011fmesi<\/li>\n<li>Sabit Ayarlama Frekans\u0131<\/li>\n<li>100 mt Kapsama Alan\u0131<\/li>\n<\/ul>\n","protected":false},"excerpt":{"rendered":"<p>Codesec11 ve Codesec22 panallerinde uzaktan kumanda ilave edilmesi i\u00e7in kullan\u0131lan uzaktan kumanda al\u0131c\u0131 \u00fcnitesidir. Ba\u011flant\u0131s\u0131 kolay oldu\u011fu i\u00e7in yayg\u0131n bir \u015fekilde kullan\u0131lmaktad\u0131r. Mesafesi a\u00e7\u0131k alanda 50 [&hellip;]<\/p>\n","protected":false},"featured_media":454,"comment_status":"closed","ping_status":"closed","template":"","meta":[],"_links":{"self":[{"href":"https:\/\/www.codesec.com.tr\/ch\/wp-json\/wp\/v2\/product\/453"}],"collection":[{"href":"https:\/\/www.codesec.com.tr\/ch\/wp-json\/wp\/v2\/product"}],"about":[{"href":"https:\/\/www.codesec.com.tr\/ch\/wp-json\/wp\/v2\/types\/product"}],"replies":[{"embeddable":true,"href":"https:\/\/www.codesec.com.tr\/ch\/wp-json\/wp\/v2\/comments?post=453"}],"wp:featuredmedia":[{"embeddable":true,"href":"https:\/\/www.codesec.com.tr\/ch\/wp-json\/wp\/v2\/media\/454"}],"wp:attachment":[{"href":"https:\/\/www.codesec.com.tr\/ch\/wp-json\/wp\/v2\/media?parent=453"}],"curies":[{"name":"wp","href":"https:\/\/api.w.org\/{rel}","templated":true}]}}