{"id":447,"date":"2016-06-01T13:01:00","date_gmt":"2016-06-01T10:01:00","guid":{"rendered":"http:\/\/codesectech.com\/?post_type=product&#038;p=447"},"modified":"2024-11-03T10:31:57","modified_gmt":"2024-11-03T07:31:57","slug":"codeon-dis-mekan-sireni","status":"publish","type":"product","link":"https:\/\/www.codesec.com.tr\/ch\/product\/codeon-dis-mekan-sireni\/","title":{"rendered":"Codeon D\u0131\u015f Mekan Sireni"},"content":{"rendered":"<p>Mikroi\u015flemci tabanl\u0131 olan Codeon d\u0131\u015fmekan siren\u2019lerde her t\u00fcrl\u00fc sabotaj \u00f6nlemleri mevcuttur. Ses \u00fcnitesi horn tipidir ve \u00e7ift horn kullan\u0131lm\u0131\u015ft\u0131r. \u0130ki ayr\u0131 ses mevcuttur. Anime ayd\u0131nlatmaya ek olarak strobe lamba alarm an\u0131nda devreye girer.<br \/>\n<strong>Teknik \u00d6zellikler<\/strong><\/p>\n<ul class=\"NormalText\">\n<li>13.8V Besleme<\/li>\n<li>Microi\u015flemci Kontroll\u00fc Tasar\u0131m<\/li>\n<li>15 mA G\u00fc\u00e7 Harcamas\u0131<\/li>\n<li>Alarm An\u0131nda 1,2A + 100 mA Flash Led&#8217;i G\u00fc\u00e7 Harcamas\u0131<\/li>\n<li>950 Hz &#8211; 2300 Hz Aras\u0131nda Siren \u00c7alma Frekans\u0131<\/li>\n<li>120 dB(A) Ses \u00c7\u0131k\u0131\u015f\u0131<\/li>\n<li>\u00c7ift \u00c7\u0131k\u0131\u015fl\u0131 Ses \u00dcnitesi<\/li>\n<li>50 mA Flash Led G\u00fc\u00e7 Harcamas\u0131<\/li>\n<li>Se\u00e7ilebilir +\/- Tetikleme \u00d6zelli\u011fi<\/li>\n<li>Flash Giri\u015fi<\/li>\n<li>Se\u00e7ilebilir Flash Led Ba\u011flant\u0131s\u0131<\/li>\n<li>Programlanabilir 2 Ayr\u0131 Ses \u00d6zelli\u011fi<\/li>\n<li>\u00c7ift Korumal\u0131 Temper Switch (s\u00f6kme sabotaj\u0131, kapak a\u00e7ma sabotaj\u0131)<\/li>\n<li>IP 34 Standard\u0131nda Su Ge\u00e7irmeme \u00d6zelli\u011fi<\/li>\n<li>-20\u00b0C &#8211; +55\u00b0C aras\u0131nda \u00c7al\u0131\u015fma Is\u0131s\u0131<\/li>\n<li>Boyutlar : Y 250 X G 200 x E 115 mm<\/li>\n<li>A\u011f\u0131rl\u0131k : 1920 gr<\/li>\n<\/ul>\n","protected":false},"excerpt":{"rendered":"<p>Mikroi\u015flemci tabanl\u0131 olan Codeon d\u0131\u015fmekan siren\u2019lerde her t\u00fcrl\u00fc sabotaj \u00f6nlemleri mevcuttur. Ses \u00fcnitesi horn tipidir ve \u00e7ift horn kullan\u0131lm\u0131\u015ft\u0131r. \u0130ki ayr\u0131 ses mevcuttur. Anime ayd\u0131nlatmaya ek [&hellip;]<\/p>\n","protected":false},"featured_media":448,"comment_status":"open","ping_status":"closed","template":"","meta":[],"_links":{"self":[{"href":"https:\/\/www.codesec.com.tr\/ch\/wp-json\/wp\/v2\/product\/447"}],"collection":[{"href":"https:\/\/www.codesec.com.tr\/ch\/wp-json\/wp\/v2\/product"}],"about":[{"href":"https:\/\/www.codesec.com.tr\/ch\/wp-json\/wp\/v2\/types\/product"}],"replies":[{"embeddable":true,"href":"https:\/\/www.codesec.com.tr\/ch\/wp-json\/wp\/v2\/comments?post=447"}],"wp:featuredmedia":[{"embeddable":true,"href":"https:\/\/www.codesec.com.tr\/ch\/wp-json\/wp\/v2\/media\/448"}],"wp:attachment":[{"href":"https:\/\/www.codesec.com.tr\/ch\/wp-json\/wp\/v2\/media?parent=447"}],"curies":[{"name":"wp","href":"https:\/\/api.w.org\/{rel}","templated":true}]}}