{"id":446,"date":"2016-06-01T13:21:08","date_gmt":"2016-06-01T10:21:08","guid":{"rendered":"http:\/\/codesectech.com\/?post_type=product&#038;p=446"},"modified":"2024-10-21T20:37:28","modified_gmt":"2024-10-21T17:37:28","slug":"a5-keypad","status":"publish","type":"product","link":"https:\/\/www.codesec.com.tr\/ch\/product\/a5-keypad\/","title":{"rendered":"A55 Keypad"},"content":{"rendered":"<p>Estetik dizayn\u0131 yan\u0131nda butonlar\u0131n alttan \u0131\u015f\u0131kland\u0131r\u0131lmas\u0131 ile olduk\u00e7a kullan\u0131\u015fl\u0131 bir tasar\u0131m olmu\u015ftur. Cihaz \u00fczerinde buton ledlerinden ba\u015fka ready ve armed ledleri bulunmaktad\u0131r. A5 keypad t\u00fcm CODE panelleri ile kullan\u0131labilir.<br \/>\n<strong>Teknik \u00d6zellikler<\/strong><\/p>\n<ul class=\"NormalText\">\n<li>Alttan Ayd\u0131nlatmal\u0131 Tu\u015f Tak\u0131m\u0131<\/li>\n<li>4 Tel ile 100 mt Mesafeye Kadar Ba\u011flant\u0131<\/li>\n<li>8 Adet Paralel Ba\u011flant\u0131<\/li>\n<li>Tu\u015f Tak\u0131m\u0131 \u00dczerinden T\u00fcm Veri ve Durumlar\u0131 G\u00f6zetleme<\/li>\n<li>Piezo Elektrik Buzzer<\/li>\n<li>3 Panik ve Fonksiyon Tu\u015flar\u0131<\/li>\n<li>Sistem Devrede ve Sistem Haz\u0131r \u0130ndikat\u00f6rleri<\/li>\n<\/ul>\n","protected":false},"excerpt":{"rendered":"<p>Estetik dizayn\u0131 yan\u0131nda butonlar\u0131n alttan \u0131\u015f\u0131kland\u0131r\u0131lmas\u0131 ile olduk\u00e7a kullan\u0131\u015fl\u0131 bir tasar\u0131m olmu\u015ftur. Cihaz \u00fczerinde buton ledlerinden ba\u015fka ready ve armed ledleri bulunmaktad\u0131r. A5 keypad t\u00fcm CODE [&hellip;]<\/p>\n","protected":false},"featured_media":452,"comment_status":"open","ping_status":"closed","template":"","meta":[],"_links":{"self":[{"href":"https:\/\/www.codesec.com.tr\/ch\/wp-json\/wp\/v2\/product\/446"}],"collection":[{"href":"https:\/\/www.codesec.com.tr\/ch\/wp-json\/wp\/v2\/product"}],"about":[{"href":"https:\/\/www.codesec.com.tr\/ch\/wp-json\/wp\/v2\/types\/product"}],"replies":[{"embeddable":true,"href":"https:\/\/www.codesec.com.tr\/ch\/wp-json\/wp\/v2\/comments?post=446"}],"wp:featuredmedia":[{"embeddable":true,"href":"https:\/\/www.codesec.com.tr\/ch\/wp-json\/wp\/v2\/media\/452"}],"wp:attachment":[{"href":"https:\/\/www.codesec.com.tr\/ch\/wp-json\/wp\/v2\/media?parent=446"}],"curies":[{"name":"wp","href":"https:\/\/api.w.org\/{rel}","templated":true}]}}