{"id":438,"date":"2016-06-01T12:55:12","date_gmt":"2016-06-01T09:55:12","guid":{"rendered":"http:\/\/codesectech.com\/?post_type=product&#038;p=438"},"modified":"2016-06-01T12:55:12","modified_gmt":"2016-06-01T09:55:12","slug":"fp20r-isi-artis-dedektoru-roleli","status":"publish","type":"product","link":"https:\/\/www.codesec.com.tr\/ch\/product\/fp20r-isi-artis-dedektoru-roleli\/","title":{"rendered":"FP20R Is\u0131 Art\u0131\u015f Dedekt\u00f6r\u00fc (R\u00f6leli)"},"content":{"rendered":"<p>Avrupa normlar\u0131nda \u00fcretilmi\u015f olan dedekt\u00f6r ani \u0131s\u0131 art\u0131\u015f\u0131 olan yerlerde (mutfak, kazan dairesi v. b. ) s\u0131kl\u0131kla kullan\u0131lmaktad\u0131r. Ortam \u0131s\u0131s\u0131 ne olursa olsun bu \u0131s\u0131 \u00fczerine olu\u015fabilecek ani \u0131s\u0131 art\u0131\u015flar\u0131nda aktif olur. Normalde Kapal\u0131 R\u00f6le kontak \u00e7\u0131k\u0131\u015f\u0131 mevcuttur.<br \/>\n<strong>Teknik \u00d6zellikler<\/strong><\/p>\n<ul class=\"NormalText\">\n<li>\u00c7al\u0131\u015fma Voltaj Aral\u0131\u011f\u0131: 12-32VDC<\/li>\n<li>Alarm Ak\u0131m\u0131: 10-100mA<\/li>\n<li>Bekleme Modu Ak\u0131m\u0131: 35uA 24VDC \u00c7al\u0131\u015fma Voltaj\u0131nda<\/li>\n<li>Ba\u011f\u0131l Nem: %0-95<\/li>\n<li>Dedekt\u00f6r Hassasiyeti: 30 Saniyede<br \/>\n56 Derece Art\u0131\u015f<\/li>\n<li>Normalde Kapal\u0131 R\u00f6le \u00c7\u0131k\u0131\u015f\u0131<\/li>\n<\/ul>\n","protected":false},"excerpt":{"rendered":"<p>Avrupa normlar\u0131nda \u00fcretilmi\u015f olan dedekt\u00f6r ani \u0131s\u0131 art\u0131\u015f\u0131 olan yerlerde (mutfak, kazan dairesi v. b. ) s\u0131kl\u0131kla kullan\u0131lmaktad\u0131r. Ortam \u0131s\u0131s\u0131 ne olursa olsun bu \u0131s\u0131 \u00fczerine [&hellip;]<\/p>\n","protected":false},"featured_media":439,"comment_status":"open","ping_status":"closed","template":"","meta":[],"_links":{"self":[{"href":"https:\/\/www.codesec.com.tr\/ch\/wp-json\/wp\/v2\/product\/438"}],"collection":[{"href":"https:\/\/www.codesec.com.tr\/ch\/wp-json\/wp\/v2\/product"}],"about":[{"href":"https:\/\/www.codesec.com.tr\/ch\/wp-json\/wp\/v2\/types\/product"}],"replies":[{"embeddable":true,"href":"https:\/\/www.codesec.com.tr\/ch\/wp-json\/wp\/v2\/comments?post=438"}],"wp:featuredmedia":[{"embeddable":true,"href":"https:\/\/www.codesec.com.tr\/ch\/wp-json\/wp\/v2\/media\/439"}],"wp:attachment":[{"href":"https:\/\/www.codesec.com.tr\/ch\/wp-json\/wp\/v2\/media?parent=438"}],"curies":[{"name":"wp","href":"https:\/\/api.w.org\/{rel}","templated":true}]}}