{"id":434,"date":"2016-06-01T12:53:03","date_gmt":"2016-06-01T09:53:03","guid":{"rendered":"http:\/\/codesectech.com\/?post_type=product&#038;p=434"},"modified":"2022-01-21T12:14:12","modified_gmt":"2022-01-21T09:14:12","slug":"dn23r-foto-elektrik-duman-dedektoru-roleli","status":"publish","type":"product","link":"https:\/\/www.codesec.com.tr\/ch\/product\/dn23r-foto-elektrik-duman-dedektoru-roleli\/","title":{"rendered":"DN23R Foto-Elektrik Duman Dedekt\u00f6r\u00fc (R\u00f6leli)"},"content":{"rendered":"<p>Optik duman dedekt\u00f6r\u00fc Avrupa standartlar\u0131nda \u00fcretilmi\u015f olup EN 54\\7 standard\u0131ndaki t\u00fcm \u00f6zelliklere sahiptir. Dedekt\u00f6r tozdan, Rf etkilerden ve ani \u0131\u015f\u0131ktan etkilenmez. Normalde Kapal\u0131 R\u00f6le kontak \u00e7\u0131k\u0131\u015f\u0131 mevcuttur.<br \/>\n<strong>Teknik \u00d6zellikler<\/strong><\/p>\n<ul class=\"NormalText\">\n<li>\u00c7al\u0131\u015fma Voltaj Aral\u0131\u011f\u0131: 12-24VDC<\/li>\n<li>Alarm Ak\u0131m\u0131 : 10-100mA<\/li>\n<li>Bekleme Modu Ak\u0131m\u0131:\n<ul class=\"NormalText\">\n<li>60uA Ortalama 90uA Maksimum 24VDC<\/li>\n<li>40uA Ortalama 60uA Maksimum 16VDC<\/li>\n<\/ul>\n<\/li>\n<li>Ba\u011f\u0131l Nem: %0-95<\/li>\n<li>Dedekt\u00f6r Hassasiyeti: 0,10-0,15dB\/m<\/li>\n<li>Normalde Kapal\u0131 R\u00f6le \u00c7\u0131k\u0131\u015f\u0131<\/li>\n<\/ul>\n","protected":false},"excerpt":{"rendered":"<p>Optik duman dedekt\u00f6r\u00fc Avrupa standartlar\u0131nda \u00fcretilmi\u015f olup EN 54\\7 standard\u0131ndaki t\u00fcm \u00f6zelliklere sahiptir. Dedekt\u00f6r tozdan, Rf etkilerden ve ani \u0131\u015f\u0131ktan etkilenmez. Normalde Kapal\u0131 R\u00f6le kontak \u00e7\u0131k\u0131\u015f\u0131 [&hellip;]<\/p>\n","protected":false},"featured_media":437,"comment_status":"open","ping_status":"closed","template":"","meta":[],"_links":{"self":[{"href":"https:\/\/www.codesec.com.tr\/ch\/wp-json\/wp\/v2\/product\/434"}],"collection":[{"href":"https:\/\/www.codesec.com.tr\/ch\/wp-json\/wp\/v2\/product"}],"about":[{"href":"https:\/\/www.codesec.com.tr\/ch\/wp-json\/wp\/v2\/types\/product"}],"replies":[{"embeddable":true,"href":"https:\/\/www.codesec.com.tr\/ch\/wp-json\/wp\/v2\/comments?post=434"}],"wp:featuredmedia":[{"embeddable":true,"href":"https:\/\/www.codesec.com.tr\/ch\/wp-json\/wp\/v2\/media\/437"}],"wp:attachment":[{"href":"https:\/\/www.codesec.com.tr\/ch\/wp-json\/wp\/v2\/media?parent=434"}],"curies":[{"name":"wp","href":"https:\/\/api.w.org\/{rel}","templated":true}]}}