{"id":430,"date":"2016-06-01T12:47:09","date_gmt":"2016-06-01T09:47:09","guid":{"rendered":"http:\/\/codesectech.com\/?post_type=product&#038;p=430"},"modified":"2016-06-01T12:47:09","modified_gmt":"2016-06-01T09:47:09","slug":"codeye-11-pir-dedektor","status":"publish","type":"product","link":"https:\/\/www.codesec.com.tr\/ch\/product\/codeye-11-pir-dedektor\/","title":{"rendered":"Codeye 11 PIR Dedekt\u00f6r"},"content":{"rendered":"<p>Mikroi\u015flemci tabanl\u0131 olup, RF, \u0131s\u0131 kompanzasyonu yap\u0131ld\u0131\u011f\u0131 i\u00e7in ba\u015fta bankalar olmak \u00fczere bir\u00e7ok hassas binalarda rahatl\u0131kla kullan\u0131lmaktad\u0131r. Kullan\u0131\u015fl\u0131 montaj ayaklar\u0131 ile istenilen mekana istenilen a\u00e7\u0131da rahatl\u0131kla monte edilebilmektedir.<br \/>\n<strong>Teknik \u00d6zellikler<\/strong><\/p>\n<ul class=\"NormalText\">\n<li>Dijital Sinyal \u0130\u015fleme<\/li>\n<li>Otomatik Is\u0131 Kompanzasyonu<\/li>\n<li>Zararl\u0131 Beyaz I\u015f\u0131klarda Etkilenmeme \u00d6zelli\u011fi<\/li>\n<li>EMI \/ RFI Koruma<\/li>\n<li>Fresnel Lens<\/li>\n<li>Y\u00fcksek Teknoloji SMT Dizayn<\/li>\n<li>Y\u00fckseklik Ayar\u0131<\/li>\n<li>98 Derece Alg\u0131lama A\u00e7\u0131s\u0131 15 mt Alg\u0131lama Mesafesi<\/li>\n<li>K\u00f6\u015fe ve Duvar Montaj Aparat\u0131<\/li>\n<\/ul>\n","protected":false},"excerpt":{"rendered":"<p>Mikroi\u015flemci tabanl\u0131 olup, RF, \u0131s\u0131 kompanzasyonu yap\u0131ld\u0131\u011f\u0131 i\u00e7in ba\u015fta bankalar olmak \u00fczere bir\u00e7ok hassas binalarda rahatl\u0131kla kullan\u0131lmaktad\u0131r. Kullan\u0131\u015fl\u0131 montaj ayaklar\u0131 ile istenilen mekana istenilen a\u00e7\u0131da rahatl\u0131kla [&hellip;]<\/p>\n","protected":false},"featured_media":431,"comment_status":"open","ping_status":"closed","template":"","meta":[],"_links":{"self":[{"href":"https:\/\/www.codesec.com.tr\/ch\/wp-json\/wp\/v2\/product\/430"}],"collection":[{"href":"https:\/\/www.codesec.com.tr\/ch\/wp-json\/wp\/v2\/product"}],"about":[{"href":"https:\/\/www.codesec.com.tr\/ch\/wp-json\/wp\/v2\/types\/product"}],"replies":[{"embeddable":true,"href":"https:\/\/www.codesec.com.tr\/ch\/wp-json\/wp\/v2\/comments?post=430"}],"wp:featuredmedia":[{"embeddable":true,"href":"https:\/\/www.codesec.com.tr\/ch\/wp-json\/wp\/v2\/media\/431"}],"wp:attachment":[{"href":"https:\/\/www.codesec.com.tr\/ch\/wp-json\/wp\/v2\/media?parent=430"}],"curies":[{"name":"wp","href":"https:\/\/api.w.org\/{rel}","templated":true}]}}