{"id":417,"date":"2016-06-01T11:41:44","date_gmt":"2016-06-01T08:41:44","guid":{"rendered":"http:\/\/codesectech.com\/?post_type=product&#038;p=417"},"modified":"2023-05-16T21:07:45","modified_gmt":"2023-05-16T18:07:45","slug":"codesec-11-alarm-kontrol-paneli","status":"publish","type":"product","link":"https:\/\/www.codesec.com.tr\/ch\/product\/codesec-11-alarm-kontrol-paneli\/","title":{"rendered":"Codesec 11 Alarm Kontrol Paneli"},"content":{"rendered":"<p>CODESEC11 Alarm Kontrol Paneli ev ve i\u015fyerlerinde kullan\u0131lmak \u00fczere tasarlanm\u0131\u015f, kullan\u0131m\u0131 kolay ve programlanmas\u0131 esnek g\u00fcvenlik cihaz\u0131d\u0131r. Panel \u00fczerinde ikiye b\u00f6l\u00fcmlendirilebilir 4 + 4 b\u00f6lge giri\u015fi mevcuttur. Uluslar aras\u0131 standartlarda ileti\u015febilen kom\u00fcnikat\u00f6r\u00fc, iki ayr\u0131 programlanabilir \u00e7\u0131k\u0131\u015f\u0131, siren \u00e7\u0131k\u0131\u015f\u0131 ve kart\u00fcst\u00fc ses kay\u0131t mod\u00fcl\u00fc eklenti \u00f6zellikleri bu cihaz\u0131n kullan\u0131m alan\u0131n\u0131 geni\u015fletmi\u015ftir.<\/p>\n","protected":false},"excerpt":{"rendered":"<p>CODESEC11 Alarm Kontrol Paneli ev ve i\u015fyerlerinde kullan\u0131lmak \u00fczere tasarlanm\u0131\u015f, kullan\u0131m\u0131 kolay ve programlanmas\u0131 esnek g\u00fcvenlik cihaz\u0131d\u0131r. Panel \u00fczerinde ikiye b\u00f6l\u00fcmlendirilebilir 4 + 4 b\u00f6lge giri\u015fi [&hellip;]<\/p>\n","protected":false},"featured_media":418,"comment_status":"open","ping_status":"closed","template":"","meta":[],"_links":{"self":[{"href":"https:\/\/www.codesec.com.tr\/ch\/wp-json\/wp\/v2\/product\/417"}],"collection":[{"href":"https:\/\/www.codesec.com.tr\/ch\/wp-json\/wp\/v2\/product"}],"about":[{"href":"https:\/\/www.codesec.com.tr\/ch\/wp-json\/wp\/v2\/types\/product"}],"replies":[{"embeddable":true,"href":"https:\/\/www.codesec.com.tr\/ch\/wp-json\/wp\/v2\/comments?post=417"}],"wp:featuredmedia":[{"embeddable":true,"href":"https:\/\/www.codesec.com.tr\/ch\/wp-json\/wp\/v2\/media\/418"}],"wp:attachment":[{"href":"https:\/\/www.codesec.com.tr\/ch\/wp-json\/wp\/v2\/media?parent=417"}],"curies":[{"name":"wp","href":"https:\/\/api.w.org\/{rel}","templated":true}]}}