{"id":409,"date":"2016-05-24T11:06:44","date_gmt":"2016-05-24T08:06:44","guid":{"rendered":"http:\/\/codesectech.com\/?post_type=product&#038;p=409"},"modified":"2016-05-24T11:06:44","modified_gmt":"2016-05-24T08:06:44","slug":"sondurme-sistemleri-cok-yakinda-uretime-hazir-olacaktir","status":"publish","type":"product","link":"https:\/\/www.codesec.com.tr\/ch\/product\/sondurme-sistemleri-cok-yakinda-uretime-hazir-olacaktir\/","title":{"rendered":"S\u00f6nd\u00fcrme sistemleri \u00e7ok yak\u0131nda \u00fcretime haz\u0131r olacakt\u0131r."},"content":{"rendered":"","protected":false},"excerpt":{"rendered":"","protected":false},"featured_media":404,"comment_status":"closed","ping_status":"closed","template":"","meta":[],"_links":{"self":[{"href":"https:\/\/www.codesec.com.tr\/ch\/wp-json\/wp\/v2\/product\/409"}],"collection":[{"href":"https:\/\/www.codesec.com.tr\/ch\/wp-json\/wp\/v2\/product"}],"about":[{"href":"https:\/\/www.codesec.com.tr\/ch\/wp-json\/wp\/v2\/types\/product"}],"replies":[{"embeddable":true,"href":"https:\/\/www.codesec.com.tr\/ch\/wp-json\/wp\/v2\/comments?post=409"}],"wp:featuredmedia":[{"embeddable":true,"href":"https:\/\/www.codesec.com.tr\/ch\/wp-json\/wp\/v2\/media\/404"}],"wp:attachment":[{"href":"https:\/\/www.codesec.com.tr\/ch\/wp-json\/wp\/v2\/media?parent=409"}],"curies":[{"name":"wp","href":"https:\/\/api.w.org\/{rel}","templated":true}]}}