{"id":407,"date":"2016-05-24T11:01:09","date_gmt":"2016-05-24T08:01:09","guid":{"rendered":"http:\/\/codesectech.com\/?post_type=product&#038;p=407"},"modified":"2016-05-24T11:01:09","modified_gmt":"2016-05-24T08:01:09","slug":"karbonmonoksit-algilama-ve-kontrol-sistemleri-cok-yakinda-uretimimiz-icinde-yer-alacaktir","status":"publish","type":"product","link":"https:\/\/www.codesec.com.tr\/ch\/product\/karbonmonoksit-algilama-ve-kontrol-sistemleri-cok-yakinda-uretimimiz-icinde-yer-alacaktir\/","title":{"rendered":"Karbonmonoksit alg\u0131lama ve kontrol sistemleri \u00e7ok yak\u0131nda \u00fcretime haz\u0131r olacakt\u0131r."},"content":{"rendered":"","protected":false},"excerpt":{"rendered":"","protected":false},"featured_media":402,"comment_status":"closed","ping_status":"closed","template":"","meta":[],"_links":{"self":[{"href":"https:\/\/www.codesec.com.tr\/ch\/wp-json\/wp\/v2\/product\/407"}],"collection":[{"href":"https:\/\/www.codesec.com.tr\/ch\/wp-json\/wp\/v2\/product"}],"about":[{"href":"https:\/\/www.codesec.com.tr\/ch\/wp-json\/wp\/v2\/types\/product"}],"replies":[{"embeddable":true,"href":"https:\/\/www.codesec.com.tr\/ch\/wp-json\/wp\/v2\/comments?post=407"}],"wp:featuredmedia":[{"embeddable":true,"href":"https:\/\/www.codesec.com.tr\/ch\/wp-json\/wp\/v2\/media\/402"}],"wp:attachment":[{"href":"https:\/\/www.codesec.com.tr\/ch\/wp-json\/wp\/v2\/media?parent=407"}],"curies":[{"name":"wp","href":"https:\/\/api.w.org\/{rel}","templated":true}]}}